{"id":10,"date":"2023-04-24T08:54:55","date_gmt":"2023-04-24T08:54:55","guid":{"rendered":"https:\/\/todasmisredes.com\/restaurantesdonjose\/?page_id=10"},"modified":"2026-01-20T18:22:35","modified_gmt":"2026-01-20T18:22:35","slug":"restaurantes-don-jose","status":"publish","type":"page","link":"https:\/\/todasmisredes.com\/restaurantesdonjose\/","title":{"rendered":"Restaurantes Don Jos\u00e9"},"content":{"rendered":"<p>[et_pb_section fb_built=\u00bb1&#8243; _builder_version=\u00bb4.20.4&#8243; _module_preset=\u00bbdefault\u00bb background_enable_image=\u00bboff\u00bb parallax=\u00bbon\u00bb custom_padding=\u00bb32px||0px||false|false\u00bb global_colors_info=\u00bb{}\u00bb][et_pb_row _builder_version=\u00bb4.20.0&#8243; _module_preset=\u00bbdefault\u00bb custom_padding=\u00bb2px||0px|||\u00bb border_width_bottom=\u00bb3px\u00bb global_colors_info=\u00bb{}\u00bb][et_pb_column type=\u00bb4_4&#8243; _builder_version=\u00bb4.20.0&#8243; _module_preset=\u00bbdefault\u00bb global_colors_info=\u00bb{}\u00bb][et_pb_image src=\u00bbhttps:\/\/todasmisredes.com\/restaurantesdonjose\/wp-content\/uploads\/2023\/04\/logo-don-jose-restaurantes1.png\u00bb alt=\u00bbRedes sociales Silvana Vargas\u00bb title_text=\u00bblogo-don-jose-restaurantes%911%93&#8243; align=\u00bbcenter\u00bb _builder_version=\u00bb4.20.4&#8243; _module_preset=\u00bbdefault\u00bb width=\u00bb41%\u00bb custom_padding=\u00bb0px|||||\u00bb global_colors_info=\u00bb{}\u00bb][\/et_pb_image][et_pb_text _builder_version=\u00bb4.20.4&#8243; _module_preset=\u00bbdefault\u00bb header_font=\u00bb|||on|||||\u00bb header_text_align=\u00bbcenter\u00bb global_colors_info=\u00bb{}\u00bb]<\/p>\n<h1>Ubicaciones<\/h1>\n<p>[\/et_pb_text][\/et_pb_column][\/et_pb_row][et_pb_row _builder_version=\u00bb4.20.0&#8243; _module_preset=\u00bbdefault\u00bb custom_padding=\u00bb1px|||||\u00bb global_colors_info=\u00bb{}\u00bb][et_pb_column type=\u00bb4_4&#8243; _builder_version=\u00bb4.20.0&#8243; _module_preset=\u00bbdefault\u00bb global_colors_info=\u00bb{}\u00bb][et_pb_button button_url=\u00bbhttps:\/\/goo.gl\/maps\/oXmpasvoqR8H8XZL6&#8243; url_new_window=\u00bbon\u00bb button_text=\u00bbCervecer\u00eda Don Jos\u00e9 I\u00bb button_alignment=\u00bbcenter\u00bb _builder_version=\u00bb4.20.4&#8243; _module_preset=\u00bbdefault\u00bb custom_button=\u00bbon\u00bb button_text_color=\u00bb#000000&#8243; button_border_width=\u00bb1px\u00bb button_border_color=\u00bb#000000&#8243; button_icon=\u00bb&#xf2e7;||fa||900&#8243; button_icon_placement=\u00bbleft\u00bb button_on_hover=\u00bboff\u00bb custom_margin=\u00bb10px||10px||false|false\u00bb global_colors_info=\u00bb{}\u00bb button_text_color__hover=\u00bb#FFFFFF\u00bb button_text_color__hover_enabled=\u00bbon|hover\u00bb button_bg_color__hover=\u00bb#0a0a0a\u00bb button_bg_color__hover_enabled=\u00bbon|hover\u00bb][\/et_pb_button][et_pb_button button_url=\u00bbhttps:\/\/goo.gl\/maps\/fKtJh34sej63x8jC8&#8243; url_new_window=\u00bbon\u00bb button_text=\u00bbRestaurante Don Jos\u00e9 II\u00bb button_alignment=\u00bbcenter\u00bb _builder_version=\u00bb4.20.4&#8243; _module_preset=\u00bbdefault\u00bb custom_button=\u00bbon\u00bb button_text_color=\u00bb#000000&#8243; button_border_width=\u00bb1px\u00bb button_border_color=\u00bb#000000&#8243; button_icon=\u00bb&#xf2e7;||fa||900&#8243; button_icon_placement=\u00bbleft\u00bb button_on_hover=\u00bboff\u00bb custom_margin=\u00bb10px||10px||false|false\u00bb global_colors_info=\u00bb{}\u00bb button_text_color__hover=\u00bb#FFFFFF\u00bb button_text_color__hover_enabled=\u00bbon|hover\u00bb button_bg_color__hover=\u00bb#0a0a0a\u00bb button_bg_color__hover_enabled=\u00bbon|hover\u00bb][\/et_pb_button][et_pb_button button_url=\u00bbhttps:\/\/goo.gl\/maps\/h1ZB4jgV8ECUmWrq6&#8243; url_new_window=\u00bbon\u00bb button_text=\u00bbRestaurante Don Jos\u00e9 III\u00bb button_alignment=\u00bbcenter\u00bb _builder_version=\u00bb4.20.4&#8243; _module_preset=\u00bbdefault\u00bb custom_button=\u00bbon\u00bb button_text_color=\u00bb#000000&#8243; button_border_width=\u00bb1px\u00bb button_border_color=\u00bb#000000&#8243; button_icon=\u00bb&#xf2e7;||fa||900&#8243; button_icon_placement=\u00bbleft\u00bb button_on_hover=\u00bboff\u00bb custom_margin=\u00bb10px||10px||false|false\u00bb global_colors_info=\u00bb{}\u00bb button_text_color__hover=\u00bb#FFFFFF\u00bb button_text_color__hover_enabled=\u00bbon|hover\u00bb button_bg_color__hover=\u00bb#0a0a0a\u00bb button_bg_color__hover_enabled=\u00bbon|hover\u00bb][\/et_pb_button][et_pb_button button_url=\u00bbhttps:\/\/goo.gl\/maps\/DwJoRGD6bGMSM2Tx9&#8243; url_new_window=\u00bbon\u00bb button_text=\u00bbRestaurante Don Jos\u00e9 IV\u00bb button_alignment=\u00bbcenter\u00bb _builder_version=\u00bb4.20.4&#8243; _module_preset=\u00bbdefault\u00bb custom_button=\u00bbon\u00bb button_text_color=\u00bb#000000&#8243; button_border_width=\u00bb1px\u00bb button_border_color=\u00bb#000000&#8243; button_icon=\u00bb&#xf2e7;||fa||900&#8243; button_icon_placement=\u00bbleft\u00bb button_on_hover=\u00bboff\u00bb custom_margin=\u00bb10px||10px||false|false\u00bb global_colors_info=\u00bb{}\u00bb button_text_color__hover=\u00bb#FFFFFF\u00bb button_text_color__hover_enabled=\u00bbon|hover\u00bb button_bg_color__hover=\u00bb#0a0a0a\u00bb button_bg_color__hover_enabled=\u00bbon|hover\u00bb][\/et_pb_button][et_pb_button button_url=\u00bbhttps:\/\/goo.gl\/maps\/9udQtHhetTrVomNR8&#8243; url_new_window=\u00bbon\u00bb button_text=\u00bbRestaurante La Perla\u00bb button_alignment=\u00bbcenter\u00bb _builder_version=\u00bb4.20.4&#8243; _module_preset=\u00bbdefault\u00bb custom_button=\u00bbon\u00bb button_text_color=\u00bb#000000&#8243; button_border_width=\u00bb1px\u00bb button_border_color=\u00bb#000000&#8243; button_icon=\u00bb&#xf2e7;||fa||900&#8243; button_icon_placement=\u00bbleft\u00bb button_on_hover=\u00bboff\u00bb custom_margin=\u00bb10px||10px||false|false\u00bb global_colors_info=\u00bb{}\u00bb button_text_color__hover=\u00bb#FFFFFF\u00bb button_text_color__hover_enabled=\u00bbon|hover\u00bb button_bg_color__hover=\u00bb#0a0a0a\u00bb button_bg_color__hover_enabled=\u00bbon|hover\u00bb][\/et_pb_button][et_pb_button button_url=\u00bbhttps:\/\/share.google\/u8cFaZWGKrdQbtkml\u00bb url_new_window=\u00bbon\u00bb button_text=\u00bbRestaurante Don Jos\u00e9 Terraza\u00bb button_alignment=\u00bbcenter\u00bb _builder_version=\u00bb4.20.4&#8243; _module_preset=\u00bbdefault\u00bb custom_button=\u00bbon\u00bb button_text_color=\u00bb#000000&#8243; button_border_width=\u00bb1px\u00bb button_border_color=\u00bb#000000&#8243; button_icon=\u00bb&#xf2e7;||fa||900&#8243; button_icon_placement=\u00bbleft\u00bb button_on_hover=\u00bboff\u00bb custom_margin=\u00bb10px||10px||false|false\u00bb hover_enabled=\u00bb0&#8243; global_colors_info=\u00bb{}\u00bb button_text_color__hover=\u00bb#FFFFFF\u00bb button_text_color__hover_enabled=\u00bbon|hover\u00bb button_bg_color__hover=\u00bb#0a0a0a\u00bb button_bg_color__hover_enabled=\u00bbon|hover\u00bb sticky_enabled=\u00bb0&#8243;][\/et_pb_button][et_pb_divider color=\u00bb#000000&#8243; _builder_version=\u00bb4.20.0&#8243; _module_preset=\u00bbdefault\u00bb custom_margin=\u00bb24px||19px||false|false\u00bb global_colors_info=\u00bb{}\u00bb][\/et_pb_divider][et_pb_text _builder_version=\u00bb4.20.4&#8243; _module_preset=\u00bbdefault\u00bb text_text_color=\u00bb#000000&#8243; header_text_color=\u00bb#000000&#8243; text_orientation=\u00bbcenter\u00bb global_colors_info=\u00bb{}\u00bb]<\/p>\n<p><span style=\"color: #000000;\">\u00a9<a href=\"https:\/\/todasmisredes.com\" title=\"Todas Mis Redes\" style=\"color: #000000;\"> TodasMisRedes <\/a><\/span><\/p>\n<p>[\/et_pb_text][\/et_pb_column][\/et_pb_row][\/et_pb_section]<\/p>\n","protected":false},"excerpt":{"rendered":"<p>Ubicaciones\u00a9 TodasMisRedes<\/p>\n","protected":false},"author":1,"featured_media":20,"parent":0,"menu_order":0,"comment_status":"closed","ping_status":"closed","template":"page-template-blank.php","meta":{"_et_pb_use_builder":"on","_et_pb_old_content":"","_et_gb_content_width":"","footnotes":""},"class_list":["post-10","page","type-page","status-publish","has-post-thumbnail","hentry"],"yoast_head":"<!-- This site is optimized with the Yoast SEO plugin v20.2.1 - https:\/\/yoast.com\/wordpress\/plugins\/seo\/ -->\n<title>Restaurantes Don Jos\u00e9 - Restaurantes Don Jos\u00e9<\/title>\n<meta name=\"description\" content=\"Restaurantes Don Jos\u00e9\" \/>\n<meta name=\"robots\" content=\"noindex, follow, max-snippet:-1, max-image-preview:large, max-video-preview:-1\" \/>\n<meta property=\"og:locale\" content=\"es_ES\" \/>\n<meta property=\"og:type\" content=\"article\" \/>\n<meta property=\"og:title\" content=\"Restaurantes Don Jos\u00e9 - Restaurantes Don Jos\u00e9\" \/>\n<meta property=\"og:description\" content=\"Restaurantes Don Jos\u00e9\" \/>\n<meta property=\"og:url\" content=\"https:\/\/todasmisredes.com\/restaurantesdonjose\/\" \/>\n<meta property=\"og:site_name\" content=\"Restaurantes Don Jos\u00e9\" \/>\n<meta property=\"article:modified_time\" content=\"2026-01-20T18:22:35+00:00\" \/>\n<meta property=\"og:image\" content=\"https:\/\/todasmisredes.com\/restaurantesdonjose\/wp-content\/uploads\/2023\/04\/logotipo-cuadrado-don-jose-gomez.jpg\" \/>\n\t<meta property=\"og:image:width\" content=\"590\" \/>\n\t<meta property=\"og:image:height\" content=\"590\" \/>\n\t<meta property=\"og:image:type\" content=\"image\/jpeg\" \/>\n<meta name=\"twitter:card\" content=\"summary_large_image\" \/>\n<meta name=\"twitter:label1\" content=\"Tiempo de lectura\" \/>\n\t<meta name=\"twitter:data1\" content=\"4 minutos\" \/>\n<script type=\"application\/ld+json\" class=\"yoast-schema-graph\">{\"@context\":\"https:\/\/schema.org\",\"@graph\":[{\"@type\":\"WebPage\",\"@id\":\"https:\/\/todasmisredes.com\/restaurantesdonjose\/\",\"url\":\"https:\/\/todasmisredes.com\/restaurantesdonjose\/\",\"name\":\"Restaurantes Don Jos\u00e9 - Restaurantes Don Jos\u00e9\",\"isPartOf\":{\"@id\":\"https:\/\/todasmisredes.com\/restaurantesdonjose\/#website\"},\"datePublished\":\"2023-04-24T08:54:55+00:00\",\"dateModified\":\"2026-01-20T18:22:35+00:00\",\"description\":\"Restaurantes Don Jos\u00e9\",\"breadcrumb\":{\"@id\":\"https:\/\/todasmisredes.com\/restaurantesdonjose\/#breadcrumb\"},\"inLanguage\":\"es\",\"potentialAction\":[{\"@type\":\"ReadAction\",\"target\":[\"https:\/\/todasmisredes.com\/restaurantesdonjose\/\"]}]},{\"@type\":\"BreadcrumbList\",\"@id\":\"https:\/\/todasmisredes.com\/restaurantesdonjose\/#breadcrumb\",\"itemListElement\":[{\"@type\":\"ListItem\",\"position\":1,\"name\":\"Portada\",\"item\":\"https:\/\/todasmisredes.com\/restaurantesdonjose\/\"},{\"@type\":\"ListItem\",\"position\":2,\"name\":\"Restaurantes Don Jos\u00e9\"}]},{\"@type\":\"WebSite\",\"@id\":\"https:\/\/todasmisredes.com\/restaurantesdonjose\/#website\",\"url\":\"https:\/\/todasmisredes.com\/restaurantesdonjose\/\",\"name\":\"Restaurantes Don Jos\u00e9\",\"description\":\"Ubicaciones\",\"publisher\":{\"@id\":\"https:\/\/todasmisredes.com\/restaurantesdonjose\/#organization\"},\"alternateName\":\"Ubicaciones de Restaurantes y cervecer\u00eda Don Jos\u00e9\",\"potentialAction\":[{\"@type\":\"SearchAction\",\"target\":{\"@type\":\"EntryPoint\",\"urlTemplate\":\"https:\/\/todasmisredes.com\/restaurantesdonjose\/?s={search_term_string}\"},\"query-input\":\"required name=search_term_string\"}],\"inLanguage\":\"es\"},{\"@type\":\"Organization\",\"@id\":\"https:\/\/todasmisredes.com\/restaurantesdonjose\/#organization\",\"name\":\"Restaurantes Don Jos\u00e9\",\"alternateName\":\"Ubicaciones\",\"url\":\"https:\/\/todasmisredes.com\/restaurantesdonjose\/\",\"logo\":{\"@type\":\"ImageObject\",\"inLanguage\":\"es\",\"@id\":\"https:\/\/todasmisredes.com\/restaurantesdonjose\/#\/schema\/logo\/image\/\",\"url\":\"https:\/\/todasmisredes.com\/restaurantesdonjose\/wp-content\/uploads\/2023\/04\/logotipo-cuadrado-don-jose-gomez.jpg\",\"contentUrl\":\"https:\/\/todasmisredes.com\/restaurantesdonjose\/wp-content\/uploads\/2023\/04\/logotipo-cuadrado-don-jose-gomez.jpg\",\"width\":590,\"height\":590,\"caption\":\"Restaurantes Don Jos\u00e9\"},\"image\":{\"@id\":\"https:\/\/todasmisredes.com\/restaurantesdonjose\/#\/schema\/logo\/image\/\"}}]}<\/script>\n<!-- \/ Yoast SEO plugin. -->","yoast_head_json":{"title":"Restaurantes Don Jos\u00e9 - Restaurantes Don Jos\u00e9","description":"Restaurantes Don Jos\u00e9","robots":{"index":"noindex","follow":"follow","max-snippet":"max-snippet:-1","max-image-preview":"max-image-preview:large","max-video-preview":"max-video-preview:-1"},"og_locale":"es_ES","og_type":"article","og_title":"Restaurantes Don Jos\u00e9 - Restaurantes Don Jos\u00e9","og_description":"Restaurantes Don Jos\u00e9","og_url":"https:\/\/todasmisredes.com\/restaurantesdonjose\/","og_site_name":"Restaurantes Don Jos\u00e9","article_modified_time":"2026-01-20T18:22:35+00:00","og_image":[{"width":590,"height":590,"url":"https:\/\/todasmisredes.com\/restaurantesdonjose\/wp-content\/uploads\/2023\/04\/logotipo-cuadrado-don-jose-gomez.jpg","type":"image\/jpeg"}],"twitter_card":"summary_large_image","twitter_misc":{"Tiempo de lectura":"4 minutos"},"schema":{"@context":"https:\/\/schema.org","@graph":[{"@type":"WebPage","@id":"https:\/\/todasmisredes.com\/restaurantesdonjose\/","url":"https:\/\/todasmisredes.com\/restaurantesdonjose\/","name":"Restaurantes Don Jos\u00e9 - Restaurantes Don Jos\u00e9","isPartOf":{"@id":"https:\/\/todasmisredes.com\/restaurantesdonjose\/#website"},"datePublished":"2023-04-24T08:54:55+00:00","dateModified":"2026-01-20T18:22:35+00:00","description":"Restaurantes Don Jos\u00e9","breadcrumb":{"@id":"https:\/\/todasmisredes.com\/restaurantesdonjose\/#breadcrumb"},"inLanguage":"es","potentialAction":[{"@type":"ReadAction","target":["https:\/\/todasmisredes.com\/restaurantesdonjose\/"]}]},{"@type":"BreadcrumbList","@id":"https:\/\/todasmisredes.com\/restaurantesdonjose\/#breadcrumb","itemListElement":[{"@type":"ListItem","position":1,"name":"Portada","item":"https:\/\/todasmisredes.com\/restaurantesdonjose\/"},{"@type":"ListItem","position":2,"name":"Restaurantes Don Jos\u00e9"}]},{"@type":"WebSite","@id":"https:\/\/todasmisredes.com\/restaurantesdonjose\/#website","url":"https:\/\/todasmisredes.com\/restaurantesdonjose\/","name":"Restaurantes Don Jos\u00e9","description":"Ubicaciones","publisher":{"@id":"https:\/\/todasmisredes.com\/restaurantesdonjose\/#organization"},"alternateName":"Ubicaciones de Restaurantes y cervecer\u00eda Don Jos\u00e9","potentialAction":[{"@type":"SearchAction","target":{"@type":"EntryPoint","urlTemplate":"https:\/\/todasmisredes.com\/restaurantesdonjose\/?s={search_term_string}"},"query-input":"required name=search_term_string"}],"inLanguage":"es"},{"@type":"Organization","@id":"https:\/\/todasmisredes.com\/restaurantesdonjose\/#organization","name":"Restaurantes Don Jos\u00e9","alternateName":"Ubicaciones","url":"https:\/\/todasmisredes.com\/restaurantesdonjose\/","logo":{"@type":"ImageObject","inLanguage":"es","@id":"https:\/\/todasmisredes.com\/restaurantesdonjose\/#\/schema\/logo\/image\/","url":"https:\/\/todasmisredes.com\/restaurantesdonjose\/wp-content\/uploads\/2023\/04\/logotipo-cuadrado-don-jose-gomez.jpg","contentUrl":"https:\/\/todasmisredes.com\/restaurantesdonjose\/wp-content\/uploads\/2023\/04\/logotipo-cuadrado-don-jose-gomez.jpg","width":590,"height":590,"caption":"Restaurantes Don Jos\u00e9"},"image":{"@id":"https:\/\/todasmisredes.com\/restaurantesdonjose\/#\/schema\/logo\/image\/"}}]}},"_links":{"self":[{"href":"https:\/\/todasmisredes.com\/restaurantesdonjose\/wp-json\/wp\/v2\/pages\/10","targetHints":{"allow":["GET"]}}],"collection":[{"href":"https:\/\/todasmisredes.com\/restaurantesdonjose\/wp-json\/wp\/v2\/pages"}],"about":[{"href":"https:\/\/todasmisredes.com\/restaurantesdonjose\/wp-json\/wp\/v2\/types\/page"}],"author":[{"embeddable":true,"href":"https:\/\/todasmisredes.com\/restaurantesdonjose\/wp-json\/wp\/v2\/users\/1"}],"replies":[{"embeddable":true,"href":"https:\/\/todasmisredes.com\/restaurantesdonjose\/wp-json\/wp\/v2\/comments?post=10"}],"version-history":[{"count":9,"href":"https:\/\/todasmisredes.com\/restaurantesdonjose\/wp-json\/wp\/v2\/pages\/10\/revisions"}],"predecessor-version":[{"id":31,"href":"https:\/\/todasmisredes.com\/restaurantesdonjose\/wp-json\/wp\/v2\/pages\/10\/revisions\/31"}],"wp:featuredmedia":[{"embeddable":true,"href":"https:\/\/todasmisredes.com\/restaurantesdonjose\/wp-json\/wp\/v2\/media\/20"}],"wp:attachment":[{"href":"https:\/\/todasmisredes.com\/restaurantesdonjose\/wp-json\/wp\/v2\/media?parent=10"}],"curies":[{"name":"wp","href":"https:\/\/api.w.org\/{rel}","templated":true}]}}